{"id":163,"date":"2022-03-13T02:27:00","date_gmt":"2022-03-13T05:27:00","guid":{"rendered":"https:\/\/fusam.com.br\/?page_id=163"},"modified":"2024-04-11T10:19:43","modified_gmt":"2024-04-11T13:19:43","slug":"centro-cirurgico","status":"publish","type":"page","link":"https:\/\/fusam.com.br\/index.php\/centro-cirurgico\/","title":{"rendered":"Centro Cir\u00fargico"},"content":{"rendered":"\t\t<div data-elementor-type=\"wp-page\" data-elementor-id=\"163\" class=\"elementor elementor-163\">\n\t\t\t\t\t\t\t\t\t<section class=\"elementor-section elementor-top-section elementor-element elementor-element-e638880 elementor-section-boxed elementor-section-height-default elementor-section-height-default\" data-id=\"e638880\" data-element_type=\"section\">\n\t\t\t\t\t\t<div class=\"elementor-container elementor-column-gap-default\">\n\t\t\t\t\t<div class=\"elementor-column elementor-col-100 elementor-top-column elementor-element elementor-element-239c97d\" data-id=\"239c97d\" data-element_type=\"column\">\n\t\t\t<div class=\"elementor-widget-wrap\">\n\t\t\t\t\t\t\t\t\t<\/div>\n\t\t<\/div>\n\t\t\t\t\t\t\t<\/div>\n\t\t<\/section>\n\t\t\t\t<section class=\"elementor-section elementor-top-section elementor-element elementor-element-f288922 elementor-section-boxed elementor-section-height-default elementor-section-height-default\" data-id=\"f288922\" data-element_type=\"section\">\n\t\t\t\t\t\t<div class=\"elementor-container elementor-column-gap-default\">\n\t\t\t\t\t<div class=\"elementor-column elementor-col-100 elementor-top-column elementor-element elementor-element-2b87595\" data-id=\"2b87595\" data-element_type=\"column\">\n\t\t\t<div class=\"elementor-widget-wrap elementor-element-populated\">\n\t\t\t\t\t\t\t\t<div class=\"elementor-element elementor-element-515670b elementor-widget elementor-widget-spacer\" data-id=\"515670b\" data-element_type=\"widget\" data-widget_type=\"spacer.default\">\n\t\t\t\t<div class=\"elementor-widget-container\">\n\t\t\t<style>\/*! elementor - v3.8.1 - 13-11-2022 *\/\n.elementor-column .elementor-spacer-inner{height:var(--spacer-size)}.e-con{--container-widget-width:100%}.e-con-inner>.elementor-widget-spacer,.e-con>.elementor-widget-spacer{width:var(--container-widget-width,var(--spacer-size));-ms-flex-item-align:stretch;align-self:stretch;-ms-flex-negative:0;flex-shrink:0}.e-con-inner>.elementor-widget-spacer>.elementor-widget-container,.e-con-inner>.elementor-widget-spacer>.elementor-widget-container>.elementor-spacer,.e-con>.elementor-widget-spacer>.elementor-widget-container,.e-con>.elementor-widget-spacer>.elementor-widget-container>.elementor-spacer{height:100%}.e-con-inner>.elementor-widget-spacer>.elementor-widget-container>.elementor-spacer>.elementor-spacer-inner,.e-con>.elementor-widget-spacer>.elementor-widget-container>.elementor-spacer>.elementor-spacer-inner{height:var(--container-widget-height,var(--spacer-size))}<\/style>\t\t<div class=\"elementor-spacer\">\n\t\t\t<div class=\"elementor-spacer-inner\"><\/div>\n\t\t<\/div>\n\t\t\t\t<\/div>\n\t\t\t\t<\/div>\n\t\t\t\t<div class=\"elementor-element elementor-element-da048fc elementor-widget elementor-widget-text-editor\" data-id=\"da048fc\" data-element_type=\"widget\" data-widget_type=\"text-editor.default\">\n\t\t\t\t<div class=\"elementor-widget-container\">\n\t\t\t<style>\/*! elementor - v3.8.1 - 13-11-2022 *\/\n.elementor-widget-text-editor.elementor-drop-cap-view-stacked .elementor-drop-cap{background-color:#818a91;color:#fff}.elementor-widget-text-editor.elementor-drop-cap-view-framed .elementor-drop-cap{color:#818a91;border:3px solid;background-color:transparent}.elementor-widget-text-editor:not(.elementor-drop-cap-view-default) .elementor-drop-cap{margin-top:8px}.elementor-widget-text-editor:not(.elementor-drop-cap-view-default) .elementor-drop-cap-letter{width:1em;height:1em}.elementor-widget-text-editor .elementor-drop-cap{float:left;text-align:center;line-height:1;font-size:50px}.elementor-widget-text-editor .elementor-drop-cap-letter{display:inline-block}<\/style>\t\t\t\t<p>No Centro Cir\u00fargico da FUSAM s\u00e3o realizadas cirurgias de m\u00e9dias e baixas complexidades.<\/p><p>No caso das cirurgias ortop\u00e9dicas, o hospital disp\u00f5e do Arco Cir\u00fargico \u2013 um importante equipamento de Raio-x que permite reproduzir a imagem em tempo real durante o ato cir\u00fargico.<\/p>\t\t\t\t\t\t<\/div>\n\t\t\t\t<\/div>\n\t\t\t\t\t<\/div>\n\t\t<\/div>\n\t\t\t\t\t\t\t<\/div>\n\t\t<\/section>\n\t\t\t\t<section class=\"elementor-section elementor-top-section elementor-element elementor-element-d5d678e elementor-section-boxed elementor-section-height-default elementor-section-height-default\" data-id=\"d5d678e\" data-element_type=\"section\">\n\t\t\t\t\t\t<div class=\"elementor-container elementor-column-gap-default\">\n\t\t\t\t\t<div class=\"elementor-column elementor-col-33 elementor-top-column elementor-element elementor-element-b66b849\" data-id=\"b66b849\" data-element_type=\"column\">\n\t\t\t<div class=\"elementor-widget-wrap elementor-element-populated\">\n\t\t\t\t\t\t\t\t<div class=\"elementor-element elementor-element-98b913d elementor-widget elementor-widget-image\" data-id=\"98b913d\" data-element_type=\"widget\" data-widget_type=\"image.default\">\n\t\t\t\t<div class=\"elementor-widget-container\">\n\t\t\t<style>\/*! elementor - v3.8.1 - 13-11-2022 *\/\n.elementor-widget-image{text-align:center}.elementor-widget-image a{display:inline-block}.elementor-widget-image a img[src$=\".svg\"]{width:48px}.elementor-widget-image img{vertical-align:middle;display:inline-block}<\/style>\t\t\t\t\t\t\t\t\t\t\t\t<img loading=\"lazy\" decoding=\"async\" width=\"1024\" height=\"768\" src=\"https:\/\/fusam.com.br\/wp-content\/uploads\/2022\/03\/9e47a083-e04b-4d85-94c0-80cc4b1d53c1-1-1024x768.jpg\" class=\"attachment-large size-large\" alt=\"\" srcset=\"https:\/\/fusam.com.br\/wp-content\/uploads\/2022\/03\/9e47a083-e04b-4d85-94c0-80cc4b1d53c1-1-1024x768.jpg 1024w, https:\/\/fusam.com.br\/wp-content\/uploads\/2022\/03\/9e47a083-e04b-4d85-94c0-80cc4b1d53c1-1-300x225.jpg 300w, https:\/\/fusam.com.br\/wp-content\/uploads\/2022\/03\/9e47a083-e04b-4d85-94c0-80cc4b1d53c1-1-768x576.jpg 768w, https:\/\/fusam.com.br\/wp-content\/uploads\/2022\/03\/9e47a083-e04b-4d85-94c0-80cc4b1d53c1-1.jpg 1280w\" sizes=\"auto, (max-width: 1024px) 100vw, 1024px\" \/>\t\t\t\t\t\t\t\t\t\t\t\t\t\t\t<\/div>\n\t\t\t\t<\/div>\n\t\t\t\t\t<\/div>\n\t\t<\/div>\n\t\t\t\t<div class=\"elementor-column elementor-col-33 elementor-top-column elementor-element elementor-element-274c8e8\" data-id=\"274c8e8\" data-element_type=\"column\">\n\t\t\t<div class=\"elementor-widget-wrap elementor-element-populated\">\n\t\t\t\t\t\t\t\t<div class=\"elementor-element elementor-element-3c51dbf elementor-widget elementor-widget-image\" data-id=\"3c51dbf\" data-element_type=\"widget\" data-widget_type=\"image.default\">\n\t\t\t\t<div class=\"elementor-widget-container\">\n\t\t\t\t\t\t\t\t\t\t\t\t\t\t\t<img loading=\"lazy\" decoding=\"async\" width=\"1024\" height=\"768\" src=\"https:\/\/fusam.com.br\/wp-content\/uploads\/2022\/03\/50dae6b5-9216-4302-9f7f-bdae46fd3dd9-1-1024x768.jpg\" class=\"attachment-large size-large\" alt=\"\" srcset=\"https:\/\/fusam.com.br\/wp-content\/uploads\/2022\/03\/50dae6b5-9216-4302-9f7f-bdae46fd3dd9-1-1024x768.jpg 1024w, https:\/\/fusam.com.br\/wp-content\/uploads\/2022\/03\/50dae6b5-9216-4302-9f7f-bdae46fd3dd9-1-300x225.jpg 300w, https:\/\/fusam.com.br\/wp-content\/uploads\/2022\/03\/50dae6b5-9216-4302-9f7f-bdae46fd3dd9-1-768x576.jpg 768w, https:\/\/fusam.com.br\/wp-content\/uploads\/2022\/03\/50dae6b5-9216-4302-9f7f-bdae46fd3dd9-1.jpg 1280w\" sizes=\"auto, (max-width: 1024px) 100vw, 1024px\" \/>\t\t\t\t\t\t\t\t\t\t\t\t\t\t\t<\/div>\n\t\t\t\t<\/div>\n\t\t\t\t\t<\/div>\n\t\t<\/div>\n\t\t\t\t<div class=\"elementor-column elementor-col-33 elementor-top-column elementor-element elementor-element-08faf33\" data-id=\"08faf33\" data-element_type=\"column\">\n\t\t\t<div class=\"elementor-widget-wrap elementor-element-populated\">\n\t\t\t\t\t\t\t\t<div class=\"elementor-element elementor-element-9efe8c5 elementor-widget elementor-widget-image\" data-id=\"9efe8c5\" data-element_type=\"widget\" data-widget_type=\"image.default\">\n\t\t\t\t<div class=\"elementor-widget-container\">\n\t\t\t\t\t\t\t\t\t\t\t\t\t\t\t<img loading=\"lazy\" decoding=\"async\" width=\"1024\" height=\"768\" src=\"https:\/\/fusam.com.br\/wp-content\/uploads\/2022\/03\/57ff885b-75fb-47c6-adc4-fa04424ace0f-1024x768.jpg\" class=\"attachment-large size-large\" alt=\"\" srcset=\"https:\/\/fusam.com.br\/wp-content\/uploads\/2022\/03\/57ff885b-75fb-47c6-adc4-fa04424ace0f-1024x768.jpg 1024w, https:\/\/fusam.com.br\/wp-content\/uploads\/2022\/03\/57ff885b-75fb-47c6-adc4-fa04424ace0f-300x225.jpg 300w, https:\/\/fusam.com.br\/wp-content\/uploads\/2022\/03\/57ff885b-75fb-47c6-adc4-fa04424ace0f-768x576.jpg 768w, https:\/\/fusam.com.br\/wp-content\/uploads\/2022\/03\/57ff885b-75fb-47c6-adc4-fa04424ace0f.jpg 1280w\" sizes=\"auto, (max-width: 1024px) 100vw, 1024px\" \/>\t\t\t\t\t\t\t\t\t\t\t\t\t\t\t<\/div>\n\t\t\t\t<\/div>\n\t\t\t\t\t<\/div>\n\t\t<\/div>\n\t\t\t\t\t\t\t<\/div>\n\t\t<\/section>\n\t\t\t\t<section class=\"elementor-section elementor-top-section elementor-element elementor-element-1e46de6 elementor-section-boxed elementor-section-height-default elementor-section-height-default\" data-id=\"1e46de6\" data-element_type=\"section\">\n\t\t\t\t\t\t<div class=\"elementor-container elementor-column-gap-default\">\n\t\t\t\t\t<div class=\"elementor-column elementor-col-33 elementor-top-column elementor-element elementor-element-13117a0\" data-id=\"13117a0\" data-element_type=\"column\">\n\t\t\t<div class=\"elementor-widget-wrap elementor-element-populated\">\n\t\t\t\t\t\t\t\t<div class=\"elementor-element elementor-element-8255732 elementor-widget elementor-widget-image\" data-id=\"8255732\" data-element_type=\"widget\" data-widget_type=\"image.default\">\n\t\t\t\t<div class=\"elementor-widget-container\">\n\t\t\t\t\t\t\t\t\t\t\t\t\t\t\t<img loading=\"lazy\" decoding=\"async\" width=\"768\" height=\"1024\" src=\"https:\/\/fusam.com.br\/wp-content\/uploads\/2022\/03\/61123b92-a062-4b91-9fc7-4ff9b8507a36-768x1024.jpg\" class=\"attachment-large size-large\" alt=\"\" srcset=\"https:\/\/fusam.com.br\/wp-content\/uploads\/2022\/03\/61123b92-a062-4b91-9fc7-4ff9b8507a36-768x1024.jpg 768w, https:\/\/fusam.com.br\/wp-content\/uploads\/2022\/03\/61123b92-a062-4b91-9fc7-4ff9b8507a36-225x300.jpg 225w, https:\/\/fusam.com.br\/wp-content\/uploads\/2022\/03\/61123b92-a062-4b91-9fc7-4ff9b8507a36.jpg 960w\" sizes=\"auto, (max-width: 768px) 100vw, 768px\" \/>\t\t\t\t\t\t\t\t\t\t\t\t\t\t\t<\/div>\n\t\t\t\t<\/div>\n\t\t\t\t<div class=\"elementor-element elementor-element-a09e79c elementor-widget elementor-widget-spacer\" data-id=\"a09e79c\" data-element_type=\"widget\" data-widget_type=\"spacer.default\">\n\t\t\t\t<div class=\"elementor-widget-container\">\n\t\t\t\t\t<div class=\"elementor-spacer\">\n\t\t\t<div class=\"elementor-spacer-inner\"><\/div>\n\t\t<\/div>\n\t\t\t\t<\/div>\n\t\t\t\t<\/div>\n\t\t\t\t\t<\/div>\n\t\t<\/div>\n\t\t\t\t<div class=\"elementor-column elementor-col-33 elementor-top-column elementor-element elementor-element-3af0546\" data-id=\"3af0546\" data-element_type=\"column\">\n\t\t\t<div class=\"elementor-widget-wrap elementor-element-populated\">\n\t\t\t\t\t\t\t\t<div class=\"elementor-element elementor-element-6b606b3 elementor-widget elementor-widget-image\" data-id=\"6b606b3\" data-element_type=\"widget\" data-widget_type=\"image.default\">\n\t\t\t\t<div class=\"elementor-widget-container\">\n\t\t\t\t\t\t\t\t\t\t\t\t\t\t\t<img loading=\"lazy\" decoding=\"async\" width=\"768\" height=\"1024\" src=\"https:\/\/fusam.com.br\/wp-content\/uploads\/2022\/03\/a1467871-2d79-4065-bd22-d730f8b82751-768x1024.jpg\" class=\"attachment-large size-large\" alt=\"\" srcset=\"https:\/\/fusam.com.br\/wp-content\/uploads\/2022\/03\/a1467871-2d79-4065-bd22-d730f8b82751-768x1024.jpg 768w, https:\/\/fusam.com.br\/wp-content\/uploads\/2022\/03\/a1467871-2d79-4065-bd22-d730f8b82751-225x300.jpg 225w, https:\/\/fusam.com.br\/wp-content\/uploads\/2022\/03\/a1467871-2d79-4065-bd22-d730f8b82751.jpg 960w\" sizes=\"auto, (max-width: 768px) 100vw, 768px\" \/>\t\t\t\t\t\t\t\t\t\t\t\t\t\t\t<\/div>\n\t\t\t\t<\/div>\n\t\t\t\t\t<\/div>\n\t\t<\/div>\n\t\t\t\t<div class=\"elementor-column elementor-col-33 elementor-top-column elementor-element elementor-element-31bffc3\" data-id=\"31bffc3\" data-element_type=\"column\">\n\t\t\t<div class=\"elementor-widget-wrap elementor-element-populated\">\n\t\t\t\t\t\t\t\t<div class=\"elementor-element elementor-element-619522b elementor-widget elementor-widget-image\" data-id=\"619522b\" data-element_type=\"widget\" data-widget_type=\"image.default\">\n\t\t\t\t<div class=\"elementor-widget-container\">\n\t\t\t\t\t\t\t\t\t\t\t\t\t\t\t<img loading=\"lazy\" decoding=\"async\" width=\"768\" height=\"1024\" src=\"https:\/\/fusam.com.br\/wp-content\/uploads\/2022\/03\/ab47f247-8318-4539-b969-d7b3ae2e3117-1-768x1024.jpg\" class=\"attachment-large size-large\" alt=\"\" srcset=\"https:\/\/fusam.com.br\/wp-content\/uploads\/2022\/03\/ab47f247-8318-4539-b969-d7b3ae2e3117-1-768x1024.jpg 768w, https:\/\/fusam.com.br\/wp-content\/uploads\/2022\/03\/ab47f247-8318-4539-b969-d7b3ae2e3117-1-225x300.jpg 225w, https:\/\/fusam.com.br\/wp-content\/uploads\/2022\/03\/ab47f247-8318-4539-b969-d7b3ae2e3117-1.jpg 960w\" sizes=\"auto, (max-width: 768px) 100vw, 768px\" \/>\t\t\t\t\t\t\t\t\t\t\t\t\t\t\t<\/div>\n\t\t\t\t<\/div>\n\t\t\t\t\t<\/div>\n\t\t<\/div>\n\t\t\t\t\t\t\t<\/div>\n\t\t<\/section>\n\t\t\t\t\t\t\t<\/div>\n\t\t","protected":false},"excerpt":{"rendered":"<p>No Centro Cir\u00fargico da FUSAM s\u00e3o realizadas cirurgias de m\u00e9dias e baixas complexidades. No caso das cirurgias ortop\u00e9dicas, o hospital disp\u00f5e do Arco Cir\u00fargico \u2013 um importante equipamento de Raio-x que permite reproduzir a imagem em tempo real durante o ato cir\u00fargico.<\/p>\n","protected":false},"author":5,"featured_media":0,"parent":0,"menu_order":0,"comment_status":"closed","ping_status":"closed","template":"elementor_header_footer","meta":{"footnotes":""},"class_list":["post-163","page","type-page","status-publish","hentry","entry"],"_links":{"self":[{"href":"https:\/\/fusam.com.br\/index.php\/wp-json\/wp\/v2\/pages\/163","targetHints":{"allow":["GET"]}}],"collection":[{"href":"https:\/\/fusam.com.br\/index.php\/wp-json\/wp\/v2\/pages"}],"about":[{"href":"https:\/\/fusam.com.br\/index.php\/wp-json\/wp\/v2\/types\/page"}],"author":[{"embeddable":true,"href":"https:\/\/fusam.com.br\/index.php\/wp-json\/wp\/v2\/users\/5"}],"replies":[{"embeddable":true,"href":"https:\/\/fusam.com.br\/index.php\/wp-json\/wp\/v2\/comments?post=163"}],"version-history":[{"count":22,"href":"https:\/\/fusam.com.br\/index.php\/wp-json\/wp\/v2\/pages\/163\/revisions"}],"predecessor-version":[{"id":5806,"href":"https:\/\/fusam.com.br\/index.php\/wp-json\/wp\/v2\/pages\/163\/revisions\/5806"}],"wp:attachment":[{"href":"https:\/\/fusam.com.br\/index.php\/wp-json\/wp\/v2\/media?parent=163"}],"curies":[{"name":"wp","href":"https:\/\/api.w.org\/{rel}","templated":true}]}}