{"id":200,"date":"2022-03-13T02:38:08","date_gmt":"2022-03-13T05:38:08","guid":{"rendered":"https:\/\/fusam.com.br\/?page_id=200"},"modified":"2024-04-11T10:18:56","modified_gmt":"2024-04-11T13:18:56","slug":"ambulatorio","status":"publish","type":"page","link":"https:\/\/fusam.com.br\/index.php\/ambulatorio\/","title":{"rendered":"Ambulat\u00f3rio"},"content":{"rendered":"\t\t<div data-elementor-type=\"wp-page\" data-elementor-id=\"200\" class=\"elementor elementor-200\">\n\t\t\t\t\t\t\t\t\t<section class=\"elementor-section elementor-top-section elementor-element elementor-element-115866c elementor-section-boxed elementor-section-height-default elementor-section-height-default\" data-id=\"115866c\" data-element_type=\"section\">\n\t\t\t\t\t\t<div class=\"elementor-container elementor-column-gap-default\">\n\t\t\t\t\t<div class=\"elementor-column elementor-col-50 elementor-top-column elementor-element elementor-element-de6e089\" data-id=\"de6e089\" data-element_type=\"column\">\n\t\t\t<div class=\"elementor-widget-wrap elementor-element-populated\">\n\t\t\t\t\t\t\t\t<div class=\"elementor-element elementor-element-ad79066 elementor-widget elementor-widget-heading\" data-id=\"ad79066\" data-element_type=\"widget\" data-widget_type=\"heading.default\">\n\t\t\t\t<div class=\"elementor-widget-container\">\n\t\t\t<style>\/*! elementor - v3.8.1 - 13-11-2022 *\/\n.elementor-heading-title{padding:0;margin:0;line-height:1}.elementor-widget-heading .elementor-heading-title[class*=elementor-size-]>a{color:inherit;font-size:inherit;line-height:inherit}.elementor-widget-heading .elementor-heading-title.elementor-size-small{font-size:15px}.elementor-widget-heading .elementor-heading-title.elementor-size-medium{font-size:19px}.elementor-widget-heading .elementor-heading-title.elementor-size-large{font-size:29px}.elementor-widget-heading .elementor-heading-title.elementor-size-xl{font-size:39px}.elementor-widget-heading .elementor-heading-title.elementor-size-xxl{font-size:59px}<\/style><h2 class=\"elementor-heading-title elementor-size-default\">Especialidades Cir\u00fargicas<\/h2>\t\t<\/div>\n\t\t\t\t<\/div>\n\t\t\t\t<div class=\"elementor-element elementor-element-a8bb098 elementor-widget elementor-widget-text-editor\" data-id=\"a8bb098\" data-element_type=\"widget\" data-widget_type=\"text-editor.default\">\n\t\t\t\t<div class=\"elementor-widget-container\">\n\t\t\t<style>\/*! elementor - v3.8.1 - 13-11-2022 *\/\n.elementor-widget-text-editor.elementor-drop-cap-view-stacked .elementor-drop-cap{background-color:#818a91;color:#fff}.elementor-widget-text-editor.elementor-drop-cap-view-framed .elementor-drop-cap{color:#818a91;border:3px solid;background-color:transparent}.elementor-widget-text-editor:not(.elementor-drop-cap-view-default) .elementor-drop-cap{margin-top:8px}.elementor-widget-text-editor:not(.elementor-drop-cap-view-default) .elementor-drop-cap-letter{width:1em;height:1em}.elementor-widget-text-editor .elementor-drop-cap{float:left;text-align:center;line-height:1;font-size:50px}.elementor-widget-text-editor .elementor-drop-cap-letter{display:inline-block}<\/style>\t\t\t\t<p>\u00c9 destinado ao atendimento da popula\u00e7\u00e3o, no que diz respeito \u00e0 demanda de pequenas cirurgias E CASOS CIR\u00daRGICOS DE BAIXA E M\u00c9DIA COMPLEXIDADE DAS seguintes especialidades:<\/p><ul><li>Cirurgia Geral<\/li><li>Cirurgia Ortop\u00e9dica \u2013 TRAUMAS<\/li><li>Cirurgia Ginecol\u00f3gica<\/li><li>Cirurgia Vascular<\/li><li>Cirurgia Urol\u00f3gica<\/li><li>Cirurgia Otorrinolaringologia<\/li><li>Medicina do Trabalho<\/li><li>Cardiologia \u2013 PR\u00c9 OPERAT\u00d3RIO<\/li><li>Anestesiologia \u2013 PR\u00c9 OPERAT\u00d3RIO<\/li><\/ul>\t\t\t\t\t\t<\/div>\n\t\t\t\t<\/div>\n\t\t\t\t\t<\/div>\n\t\t<\/div>\n\t\t\t\t<div class=\"elementor-column elementor-col-50 elementor-top-column elementor-element elementor-element-995926a\" data-id=\"995926a\" data-element_type=\"column\">\n\t\t\t<div class=\"elementor-widget-wrap elementor-element-populated\">\n\t\t\t\t\t\t\t\t<div class=\"elementor-element elementor-element-f15834f elementor-widget elementor-widget-image\" data-id=\"f15834f\" data-element_type=\"widget\" data-widget_type=\"image.default\">\n\t\t\t\t<div class=\"elementor-widget-container\">\n\t\t\t<style>\/*! elementor - v3.8.1 - 13-11-2022 *\/\n.elementor-widget-image{text-align:center}.elementor-widget-image a{display:inline-block}.elementor-widget-image a img[src$=\".svg\"]{width:48px}.elementor-widget-image img{vertical-align:middle;display:inline-block}<\/style>\t\t\t\t\t\t\t\t\t\t\t\t<img loading=\"lazy\" decoding=\"async\" width=\"818\" height=\"537\" src=\"https:\/\/fusam.com.br\/wp-content\/uploads\/2022\/03\/Ambulatorio-1-2.png\" class=\"attachment-large size-large\" alt=\"\" srcset=\"https:\/\/fusam.com.br\/wp-content\/uploads\/2022\/03\/Ambulatorio-1-2.png 818w, https:\/\/fusam.com.br\/wp-content\/uploads\/2022\/03\/Ambulatorio-1-2-300x197.png 300w, https:\/\/fusam.com.br\/wp-content\/uploads\/2022\/03\/Ambulatorio-1-2-768x504.png 768w\" sizes=\"auto, (max-width: 818px) 100vw, 818px\" \/>\t\t\t\t\t\t\t\t\t\t\t\t\t\t\t<\/div>\n\t\t\t\t<\/div>\n\t\t\t\t\t<\/div>\n\t\t<\/div>\n\t\t\t\t\t\t\t<\/div>\n\t\t<\/section>\n\t\t\t\t<section class=\"elementor-section elementor-top-section elementor-element elementor-element-53ca6cb elementor-section-boxed elementor-section-height-default elementor-section-height-default\" data-id=\"53ca6cb\" data-element_type=\"section\">\n\t\t\t\t\t\t<div class=\"elementor-container elementor-column-gap-default\">\n\t\t\t\t\t<div class=\"elementor-column elementor-col-100 elementor-top-column elementor-element elementor-element-934e469\" data-id=\"934e469\" data-element_type=\"column\">\n\t\t\t<div class=\"elementor-widget-wrap elementor-element-populated\">\n\t\t\t\t\t\t\t\t<div class=\"elementor-element elementor-element-87c4c23 elementor-widget-divider--view-line elementor-widget elementor-widget-divider\" data-id=\"87c4c23\" data-element_type=\"widget\" data-widget_type=\"divider.default\">\n\t\t\t\t<div class=\"elementor-widget-container\">\n\t\t\t<style>\/*! elementor - v3.8.1 - 13-11-2022 *\/\n.elementor-widget-divider{--divider-border-style:none;--divider-border-width:1px;--divider-color:#2c2c2c;--divider-icon-size:20px;--divider-element-spacing:10px;--divider-pattern-height:24px;--divider-pattern-size:20px;--divider-pattern-url:none;--divider-pattern-repeat:repeat-x}.elementor-widget-divider .elementor-divider{display:-webkit-box;display:-ms-flexbox;display:flex}.elementor-widget-divider .elementor-divider__text{font-size:15px;line-height:1;max-width:95%}.elementor-widget-divider .elementor-divider__element{margin:0 var(--divider-element-spacing);-ms-flex-negative:0;flex-shrink:0}.elementor-widget-divider .elementor-icon{font-size:var(--divider-icon-size)}.elementor-widget-divider .elementor-divider-separator{display:-webkit-box;display:-ms-flexbox;display:flex;margin:0;direction:ltr}.elementor-widget-divider--view-line_icon .elementor-divider-separator,.elementor-widget-divider--view-line_text .elementor-divider-separator{-webkit-box-align:center;-ms-flex-align:center;align-items:center}.elementor-widget-divider--view-line_icon .elementor-divider-separator:after,.elementor-widget-divider--view-line_icon .elementor-divider-separator:before,.elementor-widget-divider--view-line_text .elementor-divider-separator:after,.elementor-widget-divider--view-line_text .elementor-divider-separator:before{display:block;content:\"\";border-bottom:0;-webkit-box-flex:1;-ms-flex-positive:1;flex-grow:1;border-top:var(--divider-border-width) var(--divider-border-style) var(--divider-color)}.elementor-widget-divider--element-align-left .elementor-divider .elementor-divider-separator>.elementor-divider__svg:first-of-type{-webkit-box-flex:0;-ms-flex-positive:0;flex-grow:0;-ms-flex-negative:100;flex-shrink:100}.elementor-widget-divider--element-align-left .elementor-divider-separator:before{content:none}.elementor-widget-divider--element-align-left .elementor-divider__element{margin-left:0}.elementor-widget-divider--element-align-right .elementor-divider .elementor-divider-separator>.elementor-divider__svg:last-of-type{-webkit-box-flex:0;-ms-flex-positive:0;flex-grow:0;-ms-flex-negative:100;flex-shrink:100}.elementor-widget-divider--element-align-right .elementor-divider-separator:after{content:none}.elementor-widget-divider--element-align-right .elementor-divider__element{margin-right:0}.elementor-widget-divider:not(.elementor-widget-divider--view-line_text):not(.elementor-widget-divider--view-line_icon) .elementor-divider-separator{border-top:var(--divider-border-width) var(--divider-border-style) var(--divider-color)}.elementor-widget-divider--separator-type-pattern{--divider-border-style:none}.elementor-widget-divider--separator-type-pattern.elementor-widget-divider--view-line .elementor-divider-separator,.elementor-widget-divider--separator-type-pattern:not(.elementor-widget-divider--view-line) .elementor-divider-separator:after,.elementor-widget-divider--separator-type-pattern:not(.elementor-widget-divider--view-line) .elementor-divider-separator:before,.elementor-widget-divider--separator-type-pattern:not([class*=elementor-widget-divider--view]) .elementor-divider-separator{width:100%;min-height:var(--divider-pattern-height);-webkit-mask-size:var(--divider-pattern-size) 100%;mask-size:var(--divider-pattern-size) 100%;-webkit-mask-repeat:var(--divider-pattern-repeat);mask-repeat:var(--divider-pattern-repeat);background-color:var(--divider-color);-webkit-mask-image:var(--divider-pattern-url);mask-image:var(--divider-pattern-url)}.elementor-widget-divider--no-spacing{--divider-pattern-size:auto}.elementor-widget-divider--bg-round{--divider-pattern-repeat:round}.rtl .elementor-widget-divider .elementor-divider__text{direction:rtl}.e-con-inner>.elementor-widget-divider,.e-con>.elementor-widget-divider{width:var(--container-widget-width,100%)}<\/style>\t\t<div class=\"elementor-divider\">\n\t\t\t<span class=\"elementor-divider-separator\">\n\t\t\t\t\t\t<\/span>\n\t\t<\/div>\n\t\t\t\t<\/div>\n\t\t\t\t<\/div>\n\t\t\t\t\t<\/div>\n\t\t<\/div>\n\t\t\t\t\t\t\t<\/div>\n\t\t<\/section>\n\t\t\t\t<section class=\"elementor-section elementor-top-section elementor-element elementor-element-e654d4b elementor-section-boxed elementor-section-height-default elementor-section-height-default\" data-id=\"e654d4b\" data-element_type=\"section\">\n\t\t\t\t\t\t<div class=\"elementor-container elementor-column-gap-default\">\n\t\t\t\t\t<div class=\"elementor-column elementor-col-100 elementor-top-column elementor-element elementor-element-6f595a1\" data-id=\"6f595a1\" data-element_type=\"column\">\n\t\t\t<div class=\"elementor-widget-wrap elementor-element-populated\">\n\t\t\t\t\t\t\t\t<div class=\"elementor-element elementor-element-4722cbe elementor-widget elementor-widget-heading\" data-id=\"4722cbe\" data-element_type=\"widget\" data-widget_type=\"heading.default\">\n\t\t\t\t<div class=\"elementor-widget-container\">\n\t\t\t<h2 class=\"elementor-heading-title elementor-size-default\">IMPORTANTE:<\/h2>\t\t<\/div>\n\t\t\t\t<\/div>\n\t\t\t\t<div class=\"elementor-element elementor-element-eb32533 elementor-widget elementor-widget-text-editor\" data-id=\"eb32533\" data-element_type=\"widget\" data-widget_type=\"text-editor.default\">\n\t\t\t\t<div class=\"elementor-widget-container\">\n\t\t\t\t\t\t\t<p>Os atendimentos \u00e0 popula\u00e7\u00e3o, no Ambulat\u00f3rio da FUSAM, s\u00e3o realizados somente mediante encaminhamento da Secretaria Municipal de Sa\u00fade, que referencia a Funda\u00e7\u00e3o para realizar o servi\u00e7o em quest\u00e3o.<\/p><p>Assim sendo, a FUSAM n\u00e3o realiza a marca\u00e7\u00e3o direta de consultas \u00e0 popula\u00e7\u00e3o, sem o devido encaminhamento da SMS.<\/p>\t\t\t\t\t\t<\/div>\n\t\t\t\t<\/div>\n\t\t\t\t<div class=\"elementor-element elementor-element-23f942e elementor-widget-divider--view-line elementor-widget elementor-widget-divider\" data-id=\"23f942e\" data-element_type=\"widget\" data-widget_type=\"divider.default\">\n\t\t\t\t<div class=\"elementor-widget-container\">\n\t\t\t\t\t<div class=\"elementor-divider\">\n\t\t\t<span class=\"elementor-divider-separator\">\n\t\t\t\t\t\t<\/span>\n\t\t<\/div>\n\t\t\t\t<\/div>\n\t\t\t\t<\/div>\n\t\t\t\t\t<\/div>\n\t\t<\/div>\n\t\t\t\t\t\t\t<\/div>\n\t\t<\/section>\n\t\t\t\t<section class=\"elementor-section elementor-top-section elementor-element elementor-element-6077029 elementor-section-boxed elementor-section-height-default elementor-section-height-default\" data-id=\"6077029\" data-element_type=\"section\">\n\t\t\t\t\t\t<div class=\"elementor-container elementor-column-gap-default\">\n\t\t\t\t\t<div class=\"elementor-column elementor-col-100 elementor-top-column elementor-element elementor-element-a4b1ee6\" data-id=\"a4b1ee6\" data-element_type=\"column\">\n\t\t\t<div class=\"elementor-widget-wrap elementor-element-populated\">\n\t\t\t\t\t\t\t\t<div class=\"elementor-element elementor-element-1f2e0c8 elementor-widget elementor-widget-heading\" data-id=\"1f2e0c8\" data-element_type=\"widget\" data-widget_type=\"heading.default\">\n\t\t\t\t<div class=\"elementor-widget-container\">\n\t\t\t<h2 class=\"elementor-heading-title elementor-size-default\">SERVIDORES<\/h2>\t\t<\/div>\n\t\t\t\t<\/div>\n\t\t\t\t<div class=\"elementor-element elementor-element-4e56a80 elementor-widget elementor-widget-text-editor\" data-id=\"4e56a80\" data-element_type=\"widget\" data-widget_type=\"text-editor.default\">\n\t\t\t\t<div class=\"elementor-widget-container\">\n\t\t\t\t\t\t\t<p>\u00c9 destinado ao atendimento da demanda de consultas para todos os funcion\u00e1rios da FUSAM e servidores da Prefeitura de Ca\u00e7apava, nas seguintes especialidades:<\/p><ul><li>Cl\u00ednico Geral<\/li><li>Pediatria<\/li><li>Ginecologia<\/li><\/ul><p><strong>Agendamento:<\/strong><\/p><p>O agendamento \u00e9 realizado pessoalmente ap\u00f3s confirma\u00e7\u00e3o do registro do servidor ou dependente.<\/p><p><strong>Exame de laborat\u00f3rio:<\/strong><\/p><p>No ambulat\u00f3rio m\u00e9dico tamb\u00e9m \u00e9 disponibilizado aos funcion\u00e1rios e servidores municipais a coleta de sangue para exames laboratoriais.<\/p><p><strong>ATEN\u00c7\u00c3O AO FUNCIONAMENTO DO AMBULAT\u00d3RIO<\/strong><\/p><p>Considerando que o ambulat\u00f3rio da FUSAM, bem como as equipes de m\u00e9dicos, recep\u00e7\u00e3o e laborat\u00f3rio, s\u00e3o comuns para funcion\u00e1rios\/servidores e para a popula\u00e7\u00e3o, em geral, seguem as orienta\u00e7\u00f5es abaixo:<\/p><ul><li>Para a especialidade de Cardiologia tamb\u00e9m h\u00e1 agenda espec\u00edfica para funcion\u00e1rio\/servidor, mas a marca\u00e7\u00e3o de consulta deve ser feita no ambulat\u00f3rio da FUSAM, pessoalmente, ap\u00f3s o encaminhamento do cl\u00ednico geral do ambulat\u00f3rio.<\/li><li>Nos casos de cirurgia vascular, otorrinolaringologista e neurocirurgia e urologia, o funcion\u00e1rio\/servidor dever\u00e1 passar antes pelo clinico geral (ap\u00f3s encaminhamento da cl\u00ednica geral do ambulat\u00f3rio) dever\u00e1 ser encaminhado \u00e0 Secretaria de Sa\u00fade para autoriza\u00e7\u00e3o. No retorno \u00e0 FUSAM, o encaminhamento dos casos cir\u00fargicos segue o mesmo fluxo dos demais pacientes.<\/li><li>Em rela\u00e7\u00e3o aos exames laboratoriais, funcion\u00e1rios\/servidores devem agendar previamente com a equipe do laborat\u00f3rio.<\/li><li>Ortopedistas s\u00f3 atendem os casos oriundos do Pronto-Socorro em raz\u00e3o de traumas e fraturas. Sendo assim, contamos com a compreens\u00e3o e colabora\u00e7\u00e3o no atendimento \u00e0s normas para que possamos prestar o servi\u00e7o m\u00e9dico-hospitalar a todos.<\/li><\/ul>\t\t\t\t\t\t<\/div>\n\t\t\t\t<\/div>\n\t\t\t\t<div class=\"elementor-element elementor-element-8ad2c74 elementor-widget elementor-widget-heading\" data-id=\"8ad2c74\" data-element_type=\"widget\" data-widget_type=\"heading.default\">\n\t\t\t\t<div class=\"elementor-widget-container\">\n\t\t\t<h2 class=\"elementor-heading-title elementor-size-default\">HOR\u00c1RIOS DE ATENDIMENTO<\/h2>\t\t<\/div>\n\t\t\t\t<\/div>\n\t\t\t\t<div class=\"elementor-element elementor-element-e8e7119 elementor-widget elementor-widget-text-editor\" data-id=\"e8e7119\" data-element_type=\"widget\" data-widget_type=\"text-editor.default\">\n\t\t\t\t<div class=\"elementor-widget-container\">\n\t\t\t\t\t\t\t<p>Marca\u00e7\u00e3o de consultas: 7h \u00e0s 16h<br \/>Exame de sangue: 7h \u00e0s 16h<br \/>Exame radiol\u00f3gico: 7h \u00e0s 16h<br \/>Atendimentos: 7h \u00e0s 16h<\/p>\t\t\t\t\t\t<\/div>\n\t\t\t\t<\/div>\n\t\t\t\t\t<\/div>\n\t\t<\/div>\n\t\t\t\t\t\t\t<\/div>\n\t\t<\/section>\n\t\t\t\t\t\t\t<\/div>\n\t\t","protected":false},"excerpt":{"rendered":"<p>Especialidades Cir\u00fargicas \u00c9 destinado ao atendimento da popula\u00e7\u00e3o, no que diz respeito \u00e0 demanda de pequenas cirurgias E CASOS CIR\u00daRGICOS DE BAIXA E M\u00c9DIA COMPLEXIDADE DAS seguintes especialidades: Cirurgia Geral Cirurgia Ortop\u00e9dica \u2013 TRAUMAS Cirurgia Ginecol\u00f3gica Cirurgia Vascular Cirurgia Urol\u00f3gica Cirurgia Otorrinolaringologia Medicina do Trabalho Cardiologia \u2013 PR\u00c9 OPERAT\u00d3RIO Anestesiologia \u2013 PR\u00c9 OPERAT\u00d3RIO IMPORTANTE: Os [&hellip;]<\/p>\n","protected":false},"author":5,"featured_media":0,"parent":0,"menu_order":0,"comment_status":"closed","ping_status":"closed","template":"elementor_header_footer","meta":{"footnotes":""},"class_list":["post-200","page","type-page","status-publish","hentry","entry"],"_links":{"self":[{"href":"https:\/\/fusam.com.br\/index.php\/wp-json\/wp\/v2\/pages\/200","targetHints":{"allow":["GET"]}}],"collection":[{"href":"https:\/\/fusam.com.br\/index.php\/wp-json\/wp\/v2\/pages"}],"about":[{"href":"https:\/\/fusam.com.br\/index.php\/wp-json\/wp\/v2\/types\/page"}],"author":[{"embeddable":true,"href":"https:\/\/fusam.com.br\/index.php\/wp-json\/wp\/v2\/users\/5"}],"replies":[{"embeddable":true,"href":"https:\/\/fusam.com.br\/index.php\/wp-json\/wp\/v2\/comments?post=200"}],"version-history":[{"count":31,"href":"https:\/\/fusam.com.br\/index.php\/wp-json\/wp\/v2\/pages\/200\/revisions"}],"predecessor-version":[{"id":5803,"href":"https:\/\/fusam.com.br\/index.php\/wp-json\/wp\/v2\/pages\/200\/revisions\/5803"}],"wp:attachment":[{"href":"https:\/\/fusam.com.br\/index.php\/wp-json\/wp\/v2\/media?parent=200"}],"curies":[{"name":"wp","href":"https:\/\/api.w.org\/{rel}","templated":true}]}}