{"id":275,"date":"2022-03-13T03:00:14","date_gmt":"2022-03-13T06:00:14","guid":{"rendered":"https:\/\/fusam.com.br\/?page_id=275"},"modified":"2024-06-28T10:01:37","modified_gmt":"2024-06-28T13:01:37","slug":"acomodacoes","status":"publish","type":"page","link":"https:\/\/fusam.com.br\/index.php\/acomodacoes\/","title":{"rendered":"Acomoda\u00e7\u00f5es"},"content":{"rendered":"\t\t<div data-elementor-type=\"wp-page\" data-elementor-id=\"275\" class=\"elementor elementor-275\">\n\t\t\t\t\t\t\t\t\t<section class=\"elementor-section elementor-top-section elementor-element elementor-element-489071a elementor-section-boxed elementor-section-height-default elementor-section-height-default\" data-id=\"489071a\" data-element_type=\"section\">\n\t\t\t\t\t\t<div class=\"elementor-container elementor-column-gap-default\">\n\t\t\t\t\t<div class=\"elementor-column elementor-col-100 elementor-top-column elementor-element elementor-element-43924b1\" data-id=\"43924b1\" data-element_type=\"column\">\n\t\t\t<div class=\"elementor-widget-wrap elementor-element-populated\">\n\t\t\t\t\t\t\t\t<div class=\"elementor-element elementor-element-47ec7ae elementor-widget elementor-widget-text-editor\" data-id=\"47ec7ae\" data-element_type=\"widget\" data-widget_type=\"text-editor.default\">\n\t\t\t\t<div class=\"elementor-widget-container\">\n\t\t\t<style>\/*! elementor - v3.8.1 - 13-11-2022 *\/\n.elementor-widget-text-editor.elementor-drop-cap-view-stacked .elementor-drop-cap{background-color:#818a91;color:#fff}.elementor-widget-text-editor.elementor-drop-cap-view-framed .elementor-drop-cap{color:#818a91;border:3px solid;background-color:transparent}.elementor-widget-text-editor:not(.elementor-drop-cap-view-default) .elementor-drop-cap{margin-top:8px}.elementor-widget-text-editor:not(.elementor-drop-cap-view-default) .elementor-drop-cap-letter{width:1em;height:1em}.elementor-widget-text-editor .elementor-drop-cap{float:left;text-align:center;line-height:1;font-size:50px}.elementor-widget-text-editor .elementor-drop-cap-letter{display:inline-block}<\/style>\t\t\t\t<p style=\"margin: 0px 0px 15px; font-size: 17px; line-height: 1.6; color: #303030; font-family: Montserrat, sans-serif;\">Atualmente a FUSAM conta com 71 leitos dispon\u00edveis ao SUS, sendo eles divididos entre Cl\u00ednica M\u00e9dica, Cl\u00ednica Cir\u00fargica, Pediatria, Obstetr\u00edcia e UTI Adulto do Tipo II. Al\u00e9m destes, temos ainda 03 leitos destinados ao atendimento de usu\u00e1rios de conv\u00eanios e particulares.<\/p><p style=\"margin: 0px 0px 15px; font-size: 17px; line-height: 1.6; color: #303030; font-family: Montserrat, sans-serif;\">O nosso jeito de lhe desejar boas vindas \u00e9 mostrando tudo o que a gente pode fazer por voc\u00ea. Aqui toda a aten\u00e7\u00e3o est\u00e1 voltada para a seguran\u00e7a e bem estar dos pacientes. Por sermos porta aberta, precisamos estar preparados a receber qualquer tipo de urg\u00eancia, para isso estamos readequando e melhorando nossas instala\u00e7\u00f5es, para que nosso atendimento ofere\u00e7a efici\u00eancia a voc\u00ea e a toda sua fam\u00edlia.<\/p>\t\t\t\t\t\t<\/div>\n\t\t\t\t<\/div>\n\t\t\t\t\t<\/div>\n\t\t<\/div>\n\t\t\t\t\t\t\t<\/div>\n\t\t<\/section>\n\t\t\t\t<section class=\"elementor-section elementor-top-section elementor-element elementor-element-4b0d833 elementor-section-boxed elementor-section-height-default elementor-section-height-default\" data-id=\"4b0d833\" data-element_type=\"section\">\n\t\t\t\t\t\t<div class=\"elementor-container elementor-column-gap-default\">\n\t\t\t\t\t<div class=\"elementor-column elementor-col-50 elementor-top-column elementor-element elementor-element-9c6d61c\" data-id=\"9c6d61c\" data-element_type=\"column\">\n\t\t\t<div class=\"elementor-widget-wrap elementor-element-populated\">\n\t\t\t\t\t\t\t\t<div class=\"elementor-element elementor-element-cf4685d elementor-widget elementor-widget-image\" data-id=\"cf4685d\" data-element_type=\"widget\" data-widget_type=\"image.default\">\n\t\t\t\t<div class=\"elementor-widget-container\">\n\t\t\t<style>\/*! elementor - v3.8.1 - 13-11-2022 *\/\n.elementor-widget-image{text-align:center}.elementor-widget-image a{display:inline-block}.elementor-widget-image a img[src$=\".svg\"]{width:48px}.elementor-widget-image img{vertical-align:middle;display:inline-block}<\/style>\t\t\t\t\t\t\t\t\t\t\t\t<img loading=\"lazy\" decoding=\"async\" width=\"1024\" height=\"682\" src=\"https:\/\/fusam.com.br\/wp-content\/uploads\/2024\/06\/fusamcacapava_275021246_940137523328544_7181383340742929050_n-1024x682.jpg\" class=\"attachment-large size-large\" alt=\"\" srcset=\"https:\/\/fusam.com.br\/wp-content\/uploads\/2024\/06\/fusamcacapava_275021246_940137523328544_7181383340742929050_n-1024x682.jpg 1024w, https:\/\/fusam.com.br\/wp-content\/uploads\/2024\/06\/fusamcacapava_275021246_940137523328544_7181383340742929050_n-300x200.jpg 300w, https:\/\/fusam.com.br\/wp-content\/uploads\/2024\/06\/fusamcacapava_275021246_940137523328544_7181383340742929050_n-768x511.jpg 768w, https:\/\/fusam.com.br\/wp-content\/uploads\/2024\/06\/fusamcacapava_275021246_940137523328544_7181383340742929050_n.jpg 1080w\" sizes=\"auto, (max-width: 1024px) 100vw, 1024px\" \/>\t\t\t\t\t\t\t\t\t\t\t\t\t\t\t<\/div>\n\t\t\t\t<\/div>\n\t\t\t\t\t<\/div>\n\t\t<\/div>\n\t\t\t\t<div class=\"elementor-column elementor-col-50 elementor-top-column elementor-element elementor-element-0863ec6\" data-id=\"0863ec6\" data-element_type=\"column\">\n\t\t\t<div class=\"elementor-widget-wrap elementor-element-populated\">\n\t\t\t\t\t\t\t\t<div class=\"elementor-element elementor-element-41795ae elementor-widget elementor-widget-image\" data-id=\"41795ae\" data-element_type=\"widget\" data-widget_type=\"image.default\">\n\t\t\t\t<div class=\"elementor-widget-container\">\n\t\t\t\t\t\t\t\t\t\t\t\t\t\t\t<img loading=\"lazy\" decoding=\"async\" width=\"1024\" height=\"683\" src=\"https:\/\/fusam.com.br\/wp-content\/uploads\/2024\/06\/DSC07569-1024x683.jpg\" class=\"attachment-large size-large\" alt=\"\" srcset=\"https:\/\/fusam.com.br\/wp-content\/uploads\/2024\/06\/DSC07569-1024x683.jpg 1024w, https:\/\/fusam.com.br\/wp-content\/uploads\/2024\/06\/DSC07569-300x200.jpg 300w, https:\/\/fusam.com.br\/wp-content\/uploads\/2024\/06\/DSC07569-768x512.jpg 768w, https:\/\/fusam.com.br\/wp-content\/uploads\/2024\/06\/DSC07569-1536x1024.jpg 1536w, https:\/\/fusam.com.br\/wp-content\/uploads\/2024\/06\/DSC07569-2048x1365.jpg 2048w\" sizes=\"auto, (max-width: 1024px) 100vw, 1024px\" \/>\t\t\t\t\t\t\t\t\t\t\t\t\t\t\t<\/div>\n\t\t\t\t<\/div>\n\t\t\t\t\t<\/div>\n\t\t<\/div>\n\t\t\t\t\t\t\t<\/div>\n\t\t<\/section>\n\t\t\t\t<section class=\"elementor-section elementor-top-section elementor-element elementor-element-50048c1 elementor-section-boxed elementor-section-height-default elementor-section-height-default\" data-id=\"50048c1\" data-element_type=\"section\">\n\t\t\t\t\t\t<div class=\"elementor-container elementor-column-gap-default\">\n\t\t\t\t\t<div class=\"elementor-column elementor-col-50 elementor-top-column elementor-element elementor-element-7dbe255\" data-id=\"7dbe255\" data-element_type=\"column\">\n\t\t\t<div class=\"elementor-widget-wrap elementor-element-populated\">\n\t\t\t\t\t\t\t\t<div class=\"elementor-element elementor-element-0ade324 elementor-widget elementor-widget-image\" data-id=\"0ade324\" data-element_type=\"widget\" data-widget_type=\"image.default\">\n\t\t\t\t<div class=\"elementor-widget-container\">\n\t\t\t\t\t\t\t\t\t\t\t\t\t\t\t<img loading=\"lazy\" decoding=\"async\" width=\"1024\" height=\"683\" src=\"https:\/\/fusam.com.br\/wp-content\/uploads\/2024\/06\/DSC04264-1024x683.jpg\" class=\"attachment-large size-large\" alt=\"\" srcset=\"https:\/\/fusam.com.br\/wp-content\/uploads\/2024\/06\/DSC04264-1024x683.jpg 1024w, https:\/\/fusam.com.br\/wp-content\/uploads\/2024\/06\/DSC04264-300x200.jpg 300w, https:\/\/fusam.com.br\/wp-content\/uploads\/2024\/06\/DSC04264-768x512.jpg 768w, https:\/\/fusam.com.br\/wp-content\/uploads\/2024\/06\/DSC04264-1536x1024.jpg 1536w, https:\/\/fusam.com.br\/wp-content\/uploads\/2024\/06\/DSC04264-2048x1365.jpg 2048w\" sizes=\"auto, (max-width: 1024px) 100vw, 1024px\" \/>\t\t\t\t\t\t\t\t\t\t\t\t\t\t\t<\/div>\n\t\t\t\t<\/div>\n\t\t\t\t\t<\/div>\n\t\t<\/div>\n\t\t\t\t<div class=\"elementor-column elementor-col-50 elementor-top-column elementor-element elementor-element-6ad4e13\" data-id=\"6ad4e13\" data-element_type=\"column\">\n\t\t\t<div class=\"elementor-widget-wrap elementor-element-populated\">\n\t\t\t\t\t\t\t\t<div class=\"elementor-element elementor-element-0ea6c44 elementor-widget elementor-widget-image\" data-id=\"0ea6c44\" data-element_type=\"widget\" data-widget_type=\"image.default\">\n\t\t\t\t<div class=\"elementor-widget-container\">\n\t\t\t\t\t\t\t\t\t\t\t\t\t\t\t<img loading=\"lazy\" decoding=\"async\" width=\"960\" height=\"720\" src=\"https:\/\/fusam.com.br\/wp-content\/uploads\/2024\/06\/CLINICA-2.png\" class=\"attachment-large size-large\" alt=\"\" srcset=\"https:\/\/fusam.com.br\/wp-content\/uploads\/2024\/06\/CLINICA-2.png 960w, https:\/\/fusam.com.br\/wp-content\/uploads\/2024\/06\/CLINICA-2-300x225.png 300w, https:\/\/fusam.com.br\/wp-content\/uploads\/2024\/06\/CLINICA-2-768x576.png 768w\" sizes=\"auto, (max-width: 960px) 100vw, 960px\" \/>\t\t\t\t\t\t\t\t\t\t\t\t\t\t\t<\/div>\n\t\t\t\t<\/div>\n\t\t\t\t\t<\/div>\n\t\t<\/div>\n\t\t\t\t\t\t\t<\/div>\n\t\t<\/section>\n\t\t\t\t<section class=\"elementor-section elementor-top-section elementor-element elementor-element-e152a4f elementor-section-boxed elementor-section-height-default elementor-section-height-default\" data-id=\"e152a4f\" data-element_type=\"section\">\n\t\t\t\t\t\t<div class=\"elementor-container elementor-column-gap-default\">\n\t\t\t\t\t<div class=\"elementor-column elementor-col-50 elementor-top-column elementor-element elementor-element-a1e7d93\" data-id=\"a1e7d93\" data-element_type=\"column\">\n\t\t\t<div class=\"elementor-widget-wrap elementor-element-populated\">\n\t\t\t\t\t\t\t\t<div class=\"elementor-element elementor-element-d57b4e7 elementor-widget elementor-widget-image\" data-id=\"d57b4e7\" data-element_type=\"widget\" data-widget_type=\"image.default\">\n\t\t\t\t<div class=\"elementor-widget-container\">\n\t\t\t\t\t\t\t\t\t\t\t\t\t\t\t<img loading=\"lazy\" decoding=\"async\" width=\"1024\" height=\"768\" src=\"https:\/\/fusam.com.br\/wp-content\/uploads\/2024\/06\/IMG_7594-1024x768.jpg\" class=\"attachment-large size-large\" alt=\"\" srcset=\"https:\/\/fusam.com.br\/wp-content\/uploads\/2024\/06\/IMG_7594-1024x768.jpg 1024w, https:\/\/fusam.com.br\/wp-content\/uploads\/2024\/06\/IMG_7594-300x225.jpg 300w, https:\/\/fusam.com.br\/wp-content\/uploads\/2024\/06\/IMG_7594-768x576.jpg 768w, https:\/\/fusam.com.br\/wp-content\/uploads\/2024\/06\/IMG_7594-1536x1152.jpg 1536w, https:\/\/fusam.com.br\/wp-content\/uploads\/2024\/06\/IMG_7594-2048x1536.jpg 2048w\" sizes=\"auto, (max-width: 1024px) 100vw, 1024px\" \/>\t\t\t\t\t\t\t\t\t\t\t\t\t\t\t<\/div>\n\t\t\t\t<\/div>\n\t\t\t\t\t<\/div>\n\t\t<\/div>\n\t\t\t\t<div class=\"elementor-column elementor-col-50 elementor-top-column elementor-element elementor-element-d1012b0\" data-id=\"d1012b0\" data-element_type=\"column\">\n\t\t\t<div class=\"elementor-widget-wrap elementor-element-populated\">\n\t\t\t\t\t\t\t\t<div class=\"elementor-element elementor-element-013bbf7 elementor-widget elementor-widget-image\" data-id=\"013bbf7\" data-element_type=\"widget\" data-widget_type=\"image.default\">\n\t\t\t\t<div class=\"elementor-widget-container\">\n\t\t\t\t\t\t\t\t\t\t\t\t\t\t\t<img loading=\"lazy\" decoding=\"async\" width=\"1024\" height=\"684\" src=\"https:\/\/fusam.com.br\/wp-content\/uploads\/2024\/06\/DSC09422-1024x684.jpg\" class=\"attachment-large size-large\" alt=\"\" srcset=\"https:\/\/fusam.com.br\/wp-content\/uploads\/2024\/06\/DSC09422-1024x684.jpg 1024w, https:\/\/fusam.com.br\/wp-content\/uploads\/2024\/06\/DSC09422-300x200.jpg 300w, https:\/\/fusam.com.br\/wp-content\/uploads\/2024\/06\/DSC09422-768x513.jpg 768w, https:\/\/fusam.com.br\/wp-content\/uploads\/2024\/06\/DSC09422-1536x1027.jpg 1536w, https:\/\/fusam.com.br\/wp-content\/uploads\/2024\/06\/DSC09422.jpg 1616w\" sizes=\"auto, (max-width: 1024px) 100vw, 1024px\" \/>\t\t\t\t\t\t\t\t\t\t\t\t\t\t\t<\/div>\n\t\t\t\t<\/div>\n\t\t\t\t\t<\/div>\n\t\t<\/div>\n\t\t\t\t\t\t\t<\/div>\n\t\t<\/section>\n\t\t\t\t\t\t\t<\/div>\n\t\t","protected":false},"excerpt":{"rendered":"<p>Atualmente a FUSAM conta com 71 leitos dispon\u00edveis ao SUS, sendo eles divididos entre Cl\u00ednica M\u00e9dica, Cl\u00ednica Cir\u00fargica, Pediatria, Obstetr\u00edcia e UTI Adulto do Tipo II. Al\u00e9m destes, temos ainda 03 leitos destinados ao atendimento de usu\u00e1rios de conv\u00eanios e particulares. O nosso jeito de lhe desejar boas vindas \u00e9 mostrando tudo o que a [&hellip;]<\/p>\n","protected":false},"author":5,"featured_media":0,"parent":0,"menu_order":0,"comment_status":"closed","ping_status":"closed","template":"elementor_header_footer","meta":{"footnotes":""},"class_list":["post-275","page","type-page","status-publish","hentry","entry"],"_links":{"self":[{"href":"https:\/\/fusam.com.br\/index.php\/wp-json\/wp\/v2\/pages\/275","targetHints":{"allow":["GET"]}}],"collection":[{"href":"https:\/\/fusam.com.br\/index.php\/wp-json\/wp\/v2\/pages"}],"about":[{"href":"https:\/\/fusam.com.br\/index.php\/wp-json\/wp\/v2\/types\/page"}],"author":[{"embeddable":true,"href":"https:\/\/fusam.com.br\/index.php\/wp-json\/wp\/v2\/users\/5"}],"replies":[{"embeddable":true,"href":"https:\/\/fusam.com.br\/index.php\/wp-json\/wp\/v2\/comments?post=275"}],"version-history":[{"count":26,"href":"https:\/\/fusam.com.br\/index.php\/wp-json\/wp\/v2\/pages\/275\/revisions"}],"predecessor-version":[{"id":6306,"href":"https:\/\/fusam.com.br\/index.php\/wp-json\/wp\/v2\/pages\/275\/revisions\/6306"}],"wp:attachment":[{"href":"https:\/\/fusam.com.br\/index.php\/wp-json\/wp\/v2\/media?parent=275"}],"curies":[{"name":"wp","href":"https:\/\/api.w.org\/{rel}","templated":true}]}}