{"id":282,"date":"2022-03-13T03:04:27","date_gmt":"2022-03-13T06:04:27","guid":{"rendered":"https:\/\/fusam.com.br\/?page_id=282"},"modified":"2026-03-27T07:49:08","modified_gmt":"2026-03-27T10:49:08","slug":"transparencia","status":"publish","type":"page","link":"https:\/\/fusam.com.br\/index.php\/transparencia\/","title":{"rendered":"Transpar\u00eancia"},"content":{"rendered":"<p><a role=\"button\" href=\"https:\/\/leideacesso.etransparencia.com.br\/cacapava.fusam.sp\/login.html?\"><br \/>Portal de Transpar\u00eancia<br \/><\/a><br \/><a role=\"button\" href=\"https:\/\/fusam.com.br\/index.php\/concursos-processos\/\"><br \/>Concursos<br \/><\/a><br \/><a role=\"button\" href=\"https:\/\/fusam.com.br\/index.php\/licitacoes\/\"><br \/>Licita\u00e7\u00f5es<br \/><\/a><br \/><a role=\"button\" href=\"https:\/\/fusam.com.br\/index.php\/produtividade-online\/\"><br \/>Produtividade Online<br \/><\/a><br \/><a role=\"button\" href=\"#\"><br \/>\u00c1rea do Colaborador<br \/><\/a><\/p>\n\n\n<p><\/p>\n\n\n\n<p><\/p>\n\n\n\n<h2 class=\"wp-block-heading has-vivid-cyan-blue-color has-text-color has-link-color wp-elements-a0390aac27a8827cb2c673b2c29b17f2\" style=\"font-size:14px\"><\/h2>\n","protected":false},"excerpt":{"rendered":"<p>Portal de Transpar\u00eanciaConcursosLicita\u00e7\u00f5esProdutividade Online\u00c1rea do Colaborador<\/p>\n","protected":false},"author":5,"featured_media":0,"parent":0,"menu_order":0,"comment_status":"closed","ping_status":"closed","template":"elementor_header_footer","meta":{"footnotes":""},"class_list":["post-282","page","type-page","status-publish","hentry","entry"],"_links":{"self":[{"href":"https:\/\/fusam.com.br\/index.php\/wp-json\/wp\/v2\/pages\/282","targetHints":{"allow":["GET"]}}],"collection":[{"href":"https:\/\/fusam.com.br\/index.php\/wp-json\/wp\/v2\/pages"}],"about":[{"href":"https:\/\/fusam.com.br\/index.php\/wp-json\/wp\/v2\/types\/page"}],"author":[{"embeddable":true,"href":"https:\/\/fusam.com.br\/index.php\/wp-json\/wp\/v2\/users\/5"}],"replies":[{"embeddable":true,"href":"https:\/\/fusam.com.br\/index.php\/wp-json\/wp\/v2\/comments?post=282"}],"version-history":[{"count":72,"href":"https:\/\/fusam.com.br\/index.php\/wp-json\/wp\/v2\/pages\/282\/revisions"}],"predecessor-version":[{"id":10549,"href":"https:\/\/fusam.com.br\/index.php\/wp-json\/wp\/v2\/pages\/282\/revisions\/10549"}],"wp:attachment":[{"href":"https:\/\/fusam.com.br\/index.php\/wp-json\/wp\/v2\/media?parent=282"}],"curies":[{"name":"wp","href":"https:\/\/api.w.org\/{rel}","templated":true}]}}