{"id":959,"date":"2022-03-13T22:30:50","date_gmt":"2022-03-14T01:30:50","guid":{"rendered":"https:\/\/fusam.com.br\/?page_id=959"},"modified":"2024-11-12T13:08:54","modified_gmt":"2024-11-12T16:08:54","slug":"pregao-presencial","status":"publish","type":"page","link":"https:\/\/fusam.com.br\/index.php\/licitacoes\/pregao-presencial\/","title":{"rendered":"Preg\u00e3o Presencial"},"content":{"rendered":"\t\t<div data-elementor-type=\"wp-page\" data-elementor-id=\"959\" class=\"elementor elementor-959\">\n\t\t\t\t\t\t\t\t\t<section class=\"elementor-section elementor-top-section elementor-element elementor-element-414d89c elementor-section-boxed elementor-section-height-default elementor-section-height-default\" data-id=\"414d89c\" data-element_type=\"section\">\n\t\t\t\t\t\t<div class=\"elementor-container elementor-column-gap-default\">\n\t\t\t\t\t<div class=\"elementor-column elementor-col-100 elementor-top-column elementor-element elementor-element-0147e2f\" data-id=\"0147e2f\" data-element_type=\"column\">\n\t\t\t<div class=\"elementor-widget-wrap elementor-element-populated\">\n\t\t\t\t\t\t\t\t<div class=\"elementor-element elementor-element-cdf79f1 elementor-grid-1 elementor-posts--align-left elementor-grid-tablet-2 elementor-grid-mobile-1 elementor-posts--thumbnail-top elementor-widget elementor-widget-posts\" data-id=\"cdf79f1\" data-element_type=\"widget\" data-settings=\"{&quot;classic_columns&quot;:&quot;1&quot;,&quot;classic_columns_tablet&quot;:&quot;2&quot;,&quot;classic_columns_mobile&quot;:&quot;1&quot;,&quot;classic_row_gap&quot;:{&quot;unit&quot;:&quot;px&quot;,&quot;size&quot;:35,&quot;sizes&quot;:[]}}\" data-widget_type=\"posts.classic\">\n\t\t\t\t<div class=\"elementor-widget-container\">\n\t\t\t<link rel=\"stylesheet\" href=\"https:\/\/fusam.com.br\/wp-content\/plugins\/elementor-pro\/assets\/css\/widget-posts.min.css\">\t\t<div class=\"elementor-posts-container elementor-posts elementor-posts--skin-classic elementor-grid\">\n\t\t\t\t<article class=\"elementor-post elementor-grid-item post-8155 post type-post status-publish format-standard hentry category-credenciamento entry\">\n\t\t\t\t<div class=\"elementor-post__text\">\n\t\t\t\t<h3 class=\"elementor-post__title\">\n\t\t\t<a href=\"https:\/\/fusam.com.br\/index.php\/2025\/06\/27\/credenciamento-no-001-2025\/\" >\n\t\t\t\tCREDENCIAMENTO N\u00ba 001\/2025\t\t\t<\/a>\n\t\t<\/h3>\n\t\t\t\t<div class=\"elementor-post__meta-data\">\n\t\t\t\t\t<span class=\"elementor-post-date\">\n\t\t\t27 de junho de 2025\t\t<\/span>\n\t\t\t\t<\/div>\n\t\t\t\t<div class=\"elementor-post__excerpt\">\n\t\t\t<p>Processo CPL no 037\/2025 &nbsp; Objeto Credenciamento para Contrata\u00e7\u00e3o de Exames de Diagn\u00f3stico por Imagem Tipo Art. 79, inciso I, Da Lei 14.133 de 2021.<\/p>\n\t\t<\/div>\n\t\t\t\t\t<a class=\"elementor-post__read-more\" href=\"https:\/\/fusam.com.br\/index.php\/2025\/06\/27\/credenciamento-no-001-2025\/\" >\n\t\t\t\tSaiba Mais \u00bb\t\t\t<\/a>\n\t\t\t\t<\/div>\n\t\t\t\t<\/article>\n\t\t\t\t<article class=\"elementor-post elementor-grid-item post-7942 post type-post status-publish format-standard hentry category-licitacoes tag-licitacoes tag-transparencia-2 entry\">\n\t\t\t\t<div class=\"elementor-post__text\">\n\t\t\t\t<h3 class=\"elementor-post__title\">\n\t\t\t<a href=\"https:\/\/fusam.com.br\/index.php\/2025\/05\/07\/processo-no-008-2025-inexigibilidade-no-001-2025\/\" >\n\t\t\t\tPROCESSO N\u00ba 008\/2025 \u2013 INEXIGIBILIDADE N\u00ba\u00a0 001\/2025\t\t\t<\/a>\n\t\t<\/h3>\n\t\t\t\t<div class=\"elementor-post__meta-data\">\n\t\t\t\t\t<span class=\"elementor-post-date\">\n\t\t\t7 de maio de 2025\t\t<\/span>\n\t\t\t\t<\/div>\n\t\t\t\t<div class=\"elementor-post__excerpt\">\n\t\t\t<p>FUSAM \u2013 FUNDA\u00c7\u00c3O DE SA\u00daDE E ASSIST\u00caNCIA DO MUNIC\u00cdPIO DE CA\u00c7APAVA EXTRATO HOMOLOGA\u00c7\u00c3O OBJETO: Contrata\u00e7\u00e3o de Empresa Especializada para Aquisi\u00e7\u00e3o de Licen\u00e7a para Acesso ao<\/p>\n\t\t<\/div>\n\t\t\t\t\t<a class=\"elementor-post__read-more\" href=\"https:\/\/fusam.com.br\/index.php\/2025\/05\/07\/processo-no-008-2025-inexigibilidade-no-001-2025\/\" >\n\t\t\t\tSaiba Mais \u00bb\t\t\t<\/a>\n\t\t\t\t<\/div>\n\t\t\t\t<\/article>\n\t\t\t\t<article class=\"elementor-post elementor-grid-item post-7940 post type-post status-publish format-standard hentry category-licitacoes tag-licitacoes tag-transparencia-2 entry\">\n\t\t\t\t<div class=\"elementor-post__text\">\n\t\t\t\t<h3 class=\"elementor-post__title\">\n\t\t\t<a href=\"https:\/\/fusam.com.br\/index.php\/2025\/04\/30\/processo-no-012-2025-inexigibilidade-no-002-2025\/\" >\n\t\t\t\tPROCESSO N\u00ba 012\/2025 \u2013 INEXIGIBILIDADE N\u00ba\u00a0 002\/2025\t\t\t<\/a>\n\t\t<\/h3>\n\t\t\t\t<div class=\"elementor-post__meta-data\">\n\t\t\t\t\t<span class=\"elementor-post-date\">\n\t\t\t30 de abril de 2025\t\t<\/span>\n\t\t\t\t<\/div>\n\t\t\t\t<div class=\"elementor-post__excerpt\">\n\t\t\t<p>FUSAM \u2013 FUNDA\u00c7\u00c3O DE SA\u00daDE E ASSIST\u00caNCIA DO MUNIC\u00cdPIO DE CA\u00c7APAVA EXTRATO DE HOMOLOGA\u00c7\u00c3O PROCESSO N\u00ba 012\/2025 \u2013 INEXIGIBILIDADE N\u00ba&nbsp; 002\/2025&nbsp;&nbsp; OBJETO: Contrata\u00e7\u00e3o de Empresa<\/p>\n\t\t<\/div>\n\t\t\t\t\t<a class=\"elementor-post__read-more\" href=\"https:\/\/fusam.com.br\/index.php\/2025\/04\/30\/processo-no-012-2025-inexigibilidade-no-002-2025\/\" >\n\t\t\t\tSaiba Mais \u00bb\t\t\t<\/a>\n\t\t\t\t<\/div>\n\t\t\t\t<\/article>\n\t\t\t\t<\/div>\n\t\t\t\t<\/div>\n\t\t\t\t<\/div>\n\t\t\t\t<div class=\"elementor-element elementor-element-cbced43 elementor-widget elementor-widget-spacer\" data-id=\"cbced43\" data-element_type=\"widget\" data-widget_type=\"spacer.default\">\n\t\t\t\t<div class=\"elementor-widget-container\">\n\t\t\t<style>\/*! elementor - v3.8.1 - 13-11-2022 *\/\n.elementor-column .elementor-spacer-inner{height:var(--spacer-size)}.e-con{--container-widget-width:100%}.e-con-inner>.elementor-widget-spacer,.e-con>.elementor-widget-spacer{width:var(--container-widget-width,var(--spacer-size));-ms-flex-item-align:stretch;align-self:stretch;-ms-flex-negative:0;flex-shrink:0}.e-con-inner>.elementor-widget-spacer>.elementor-widget-container,.e-con-inner>.elementor-widget-spacer>.elementor-widget-container>.elementor-spacer,.e-con>.elementor-widget-spacer>.elementor-widget-container,.e-con>.elementor-widget-spacer>.elementor-widget-container>.elementor-spacer{height:100%}.e-con-inner>.elementor-widget-spacer>.elementor-widget-container>.elementor-spacer>.elementor-spacer-inner,.e-con>.elementor-widget-spacer>.elementor-widget-container>.elementor-spacer>.elementor-spacer-inner{height:var(--container-widget-height,var(--spacer-size))}<\/style>\t\t<div class=\"elementor-spacer\">\n\t\t\t<div class=\"elementor-spacer-inner\"><\/div>\n\t\t<\/div>\n\t\t\t\t<\/div>\n\t\t\t\t<\/div>\n\t\t\t\t\t<\/div>\n\t\t<\/div>\n\t\t\t\t\t\t\t<\/div>\n\t\t<\/section>\n\t\t\t\t\t\t\t<\/div>\n\t\t","protected":false},"excerpt":{"rendered":"","protected":false},"author":5,"featured_media":965,"parent":4481,"menu_order":0,"comment_status":"closed","ping_status":"closed","template":"elementor_header_footer","meta":{"footnotes":""},"class_list":["post-959","page","type-page","status-publish","has-post-thumbnail","hentry","entry"],"_links":{"self":[{"href":"https:\/\/fusam.com.br\/index.php\/wp-json\/wp\/v2\/pages\/959","targetHints":{"allow":["GET"]}}],"collection":[{"href":"https:\/\/fusam.com.br\/index.php\/wp-json\/wp\/v2\/pages"}],"about":[{"href":"https:\/\/fusam.com.br\/index.php\/wp-json\/wp\/v2\/types\/page"}],"author":[{"embeddable":true,"href":"https:\/\/fusam.com.br\/index.php\/wp-json\/wp\/v2\/users\/5"}],"replies":[{"embeddable":true,"href":"https:\/\/fusam.com.br\/index.php\/wp-json\/wp\/v2\/comments?post=959"}],"version-history":[{"count":36,"href":"https:\/\/fusam.com.br\/index.php\/wp-json\/wp\/v2\/pages\/959\/revisions"}],"predecessor-version":[{"id":5995,"href":"https:\/\/fusam.com.br\/index.php\/wp-json\/wp\/v2\/pages\/959\/revisions\/5995"}],"up":[{"embeddable":true,"href":"https:\/\/fusam.com.br\/index.php\/wp-json\/wp\/v2\/pages\/4481"}],"wp:featuredmedia":[{"embeddable":true,"href":"https:\/\/fusam.com.br\/index.php\/wp-json\/wp\/v2\/media\/965"}],"wp:attachment":[{"href":"https:\/\/fusam.com.br\/index.php\/wp-json\/wp\/v2\/media?parent=959"}],"curies":[{"name":"wp","href":"https:\/\/api.w.org\/{rel}","templated":true}]}}